{"id":103,"date":"2025-07-04T02:42:09","date_gmt":"2025-07-04T00:42:09","guid":{"rendered":"https:\/\/felixweichbrodt.de\/?page_id=103"},"modified":"2025-07-04T18:53:53","modified_gmt":"2025-07-04T16:53:53","slug":"ueber-mich","status":"publish","type":"page","link":"https:\/\/felixweichbrodt.de\/index.php\/ueber-mich\/","title":{"rendered":"\u00dcber mich"},"content":{"rendered":"\n<div class=\"wp-block-columns is-layout-flex wp-container-core-columns-is-layout-9c22b1e3 wp-block-columns-is-layout-flex\">\n<div class=\"wp-block-column is-layout-flow wp-block-column-is-layout-flow\">\n<figure class=\"wp-block-image size-full wp-duotone-000000-e7e0ca-1\"><img loading=\"lazy\" decoding=\"async\" width=\"640\" height=\"400\" src=\"http:\/\/felixweichbrodt.de\/wp-content\/uploads\/2025\/07\/Bildschirmfoto-2025-07-04-um-15.58.32.png\" alt=\"\" class=\"wp-image-141\"\/><\/figure>\n<\/div>\n\n\n\n<div class=\"wp-block-column is-layout-flow wp-block-column-is-layout-flow\">\n<figure class=\"wp-block-image size-full wp-duotone-000000-e7e0ca-2\"><img loading=\"lazy\" decoding=\"async\" width=\"640\" height=\"400\" src=\"http:\/\/felixweichbrodt.de\/wp-content\/uploads\/2025\/07\/Bildschirmfoto-2025-07-04-um-16.01.09.png\" alt=\"\" class=\"wp-image-146\"\/><\/figure>\n<\/div>\n\n\n\n<div class=\"wp-block-column is-layout-flow wp-block-column-is-layout-flow\">\n<figure class=\"wp-block-image size-full wp-duotone-000000-e7e0ca-3\"><img loading=\"lazy\" decoding=\"async\" width=\"640\" height=\"400\" src=\"http:\/\/felixweichbrodt.de\/wp-content\/uploads\/2025\/07\/Bildschirmfoto-2025-07-04-um-16.00.30.png\" alt=\"\" class=\"wp-image-145\"\/><\/figure>\n<\/div>\n<\/div>\n\n\n\n<pre class=\"wp-block-preformatted has-background\" style=\"background-color:#dbd5cb;margin-top:32px;margin-right:32px;margin-bottom:32px;margin-left:32px\"><strong>Moin.<\/strong> <br>Aufgewachsen in der Kaiserstadt Aachen um die Jahrtausendwende \u2013 damals, als Fernsehen noch eine ernstzunehmende Erziehungsma\u00dfnahme war \u2013 war es f\u00fcr mich eigentlich unvermeidbar, <strong>Film<\/strong> und <strong>Geschichte<\/strong> nicht zu meinen Hauptinteressen zu machen. <strong>Dokumentarfilme<\/strong> und <strong>Reportagen<\/strong> fand ich schon als Heranwachsender faszinierend, weil dieses Genre Information und Unterhaltung vereint und meist einen Blick aus der Gegenwart in die Vergangenheit und \/ oder Zukunft erlaubt. So war es die Doku-Reihe \u201e100 Jahre der Countdown\u201c oder auch die Filme von <strong>Ken Burns<\/strong> wie der \u201eDer amerikanische B\u00fcrgerkrieg\u201c, die mich sagen lie\u00dfen:<br><strong>Das will ich auch!<\/strong><br><br>Doch erst einmal Schule und Studium \u2013 was ich heute vielleicht auch anders machen w\u00fcrde: eine Ausbildung zum <strong>Kameramann<\/strong>, ein Volontariat beim Sender oder einer Produktionsfirma und dann <strong>Geschichte studieren<\/strong>. Die Berufsaussichten in Deutschland f\u00fcr Historiker sind d\u00fcsterer als das Mittelalter und dabei war das Mittelalter gar nicht so d\u00fcster, wie oftmals angenommen \u2013 und allein deswegen hielt ich weiter an meinem Traum fest: Menschen spannend und informativ aufzuzeigen, dass das Mittelalter durchaus innovativ war \u2013 durch <strong>gute Filme.<\/strong>&nbsp;<br><br>In Passau habe ich meine ersten Erfahrungen in der Redaktionsarbeit beim Regionalsender TRP1 gesammelt.&nbsp; Ausgestattet mit einer Kamera habe ich News-Beitr\u00e4ge und Kurz-Reportagen gemacht \u2013 wie \u00fcber die Dombauh\u00fctte des Passauer Doms oder die Staatsbibliothek in der Dreifl\u00fcssestadt.&nbsp;W\u00e4hrend meines Masters in Berlin habe ich mein Hauptaugenmerk auf <strong>Geschichtsdidaktik<\/strong>, <strong>Filmgeschichte <\/strong>und <strong>Filmwissenschaft<\/strong> gelegt. Nebenbei habe ich <strong>Produktvideos<\/strong> f\u00fcr Rammsondierger\u00e4te realisiert. Die Maschinen <strong>richtig in Szene<\/strong> zu setzen und sich auf das Wesentliche zu konzentrieren.&nbsp;Durch das Studium habe ich gelernt, dass durch unterschiedliche Ausgangspunkte, eine <strong>durchdachte Recherche<\/strong> und durch verschiedene Blickwinkel eine <strong>gute Story<\/strong> entsteht.<br><br><strong>Hamburg<\/strong> ist eine vielf\u00e4ltige Stadt mit einer <strong>stolzen Historie<\/strong> und einer spannenden Gegenwart.&nbsp;<strong>Weltoffen, pulsierend, multikulturell<\/strong> durch den Hafen; <strong>tolerant, neugierig, hip und modern<\/strong> durch ihre Bewohner:innen. Der perfekte Ausgangspunkt, um Dokumentationen und Reportagen zu realisieren. Bei einer Produktionsfirma habe ich zum Einstieg ein Volontariat absolviert, um die Klippen, Untiefen und Kapriolen des Business kennenzulernen \u2013 aber vor allem, um das <strong>richtige Werkzeug<\/strong> an die Hand zu bekommen, um <strong>gute Arbeit zu leisten.<\/strong>&nbsp;<br>Ich habe nun meine ersten Reportagen und Dokufilme verwirklicht und habe an gr\u00f6\u00dferen Produktionen entscheidend mitgewirkt \u2013 mit der Erkenntnis: <br><strong>Ich bin angekommen.&nbsp;<\/strong><\/pre>\n\n\n\n<div class=\"wp-block-columns is-layout-flex wp-container-core-columns-is-layout-9c22b1e3 wp-block-columns-is-layout-flex\">\n<div class=\"wp-block-column is-layout-flow wp-block-column-is-layout-flow\">\n<figure class=\"wp-block-image size-full wp-duotone-000000-e7e0ca-4\"><img loading=\"lazy\" decoding=\"async\" width=\"640\" height=\"400\" src=\"http:\/\/felixweichbrodt.de\/wp-content\/uploads\/2025\/07\/Bildschirmfoto-2025-07-04-um-15.58.32.png\" alt=\"\" class=\"wp-image-141\"\/><\/figure>\n<\/div>\n\n\n\n<div class=\"wp-block-column is-layout-flow wp-block-column-is-layout-flow\">\n<figure class=\"wp-block-image size-full wp-duotone-000000-e7e0ca-5\"><img loading=\"lazy\" decoding=\"async\" width=\"640\" height=\"400\" src=\"http:\/\/felixweichbrodt.de\/wp-content\/uploads\/2025\/07\/Bildschirmfoto-2025-07-04-um-16.01.09.png\" alt=\"\" class=\"wp-image-146\"\/><\/figure>\n<\/div>\n\n\n\n<div class=\"wp-block-column is-layout-flow wp-block-column-is-layout-flow\">\n<figure class=\"wp-block-image size-full wp-duotone-000000-e7e0ca-6\"><img loading=\"lazy\" decoding=\"async\" width=\"640\" height=\"400\" src=\"http:\/\/felixweichbrodt.de\/wp-content\/uploads\/2025\/07\/Bildschirmfoto-2025-07-04-um-16.00.30.png\" alt=\"\" class=\"wp-image-145\"\/><\/figure>\n<\/div>\n<\/div>\n\n\n\n<pre class=\"wp-block-preformatted has-background\" style=\"background-color:#9b51e05e;margin-top:32px;margin-right:32px;margin-bottom:32px;margin-left:32px\"><strong>Autorschaft<\/strong><br>Filme erz\u00e4hlen eine Geschichte. Als Autor f\u00fcr Dokumentarfilme und Reportagen bin ich immer auf der Suche nach interessanten und spannenden Storys. Meine Interessenfelder reichen \u00fcber Geschichte, Politik, Kultur bis hin zu aktuellen gesellschaftsrelevanten Themen. Infotainment ja, aber nicht auf Kosten von Fakten. Als Autor z\u00e4hlen f\u00fcr mich Integrit\u00e4t und Authentizit\u00e4t zu journalistischen Ma\u00dfst\u00e4ben, die auch beim Aspekt der Unterhaltung nicht untergraben werden d\u00fcrfen. Ich m\u00f6chte die Zuschauer von Themen \u00fcberzeugen, sie begeistern, Herausforderungen sichtbar machen \u2013 f\u00fcr ein Aha-Erlebnis sorgen.<br><br><strong>Realisation \/ Regie<\/strong><br>Beim Dreh stelle ich den Protagonisten die richtigen Fragen und sorge f\u00fcr die passenden Bilder. Meine Erfahrungen sind format\u00fcbergreifend: Magazin-Beitr\u00e4ge, Reportagen, Dokumentarfilme, Interviewf\u00fchrung \u2013 hinter und vor der Kamera. Unterhaltend, informativ und authentisch. Beim Dreh und Schnitt kommt es immer auf Teamarbeit an, um das perfekte Ergebnis zu erzielen. Daher ist f\u00fcr mich ein respektvoller Umgang und eine klare Kommunikation mit allen Beteiligten selbstverst\u00e4ndlich.<br><strong><br>Recherche<\/strong><br>F\u00fcr eure Film- und TV-Projekte stehe ich bereit, die Recherche in die Hand zu nehmen. Ich habe bereits bei vielen Filmen die Recherche \u00fcbernommen. Durch meine Ausbildung und Erfahrung wei\u00df ich, wo ich suchen muss, um das zu bekommen, was m\u00f6glicherweise eurem Projekt noch fehlt. Meine Neugier und mein Durchsetzungsverm\u00f6gen garantieren immer neue Ankn\u00fcpfungspunkte f\u00fcr euer Projekt. Als Historiker und Filmemacher sehe ich nicht nur die Geschichte hinter der Geschichte, sondern denke bei meiner Recherche auch direkt in Bildern. Ich finde die passenden Protagonisten und die geeigneten Drehorte, um euren Film authentisch und erlebbar zu machen.<br><br><strong>Konzeption<\/strong><br>Ideen, Geschichten, Inhalte brauchen ein Konzept \u2013 einen roten Faden, um auch als Film zu funktionieren. Die geeignete Bildsprache, die passende Erz\u00e4hlebene oder eine ausgeglichene Balance zwischen verschiedenen Story-Elementen sind der Schl\u00fcssel f\u00fcr einen erfolgreichen Film. Durch meine Erfahrung helfe ich euch gerne, das richtige Konzept f\u00fcr euch zu erstellen.<br><br><strong>Kamera<\/strong><br>Ich habe eine gro\u00dfe Leidenschaft f\u00fcr die Fotografie und das Filmen, insbesondere mit Kameras und Drohnen. Mein Anspruch ist es, hochwertige dokumentarische Bewegbilder sowie beeindruckende Luftaufnahmen zu erstellen. Ich strebe danach, durch kreative Kompositionen und technische Exzellenz visuelle Geschichten zu erz\u00e4hlen, die das Publikum fesseln und ber\u00fchren.Ob es um die Dokumentation eines speziellen Ereignisses, die Visualisierung von Projekten oder die Erfassung einzigartiger Perspektiven geht \u2013 ich bin immer bereit, neue Herausforderungen anzunehmen und innovative Ideen umzusetzen. Z\u00f6gern Sie nicht, mich zu kontaktieren, um Ihre Visionen zu besprechen oder um weitere Informationen \u00fcber meine Dienstleistungen zu erhalten!<\/pre>\n","protected":false},"excerpt":{"rendered":"<p>Moin. Aufgewachsen in der Kaiserstadt Aachen um die Jahrtausendwende \u2013 damals, als Fernsehen noch eine ernstzunehmende Erziehungsma\u00dfnahme war \u2013 war es f\u00fcr mich eigentlich unvermeidbar, Film und Geschichte nicht zu meinen Hauptinteressen zu machen. Dokumentarfilme und Reportagen fand ich schon als Heranwachsender faszinierend, weil dieses Genre Information und Unterhaltung vereint und meist einen Blick aus [&hellip;]<\/p>\n","protected":false},"author":1,"featured_media":0,"parent":0,"menu_order":0,"comment_status":"closed","ping_status":"closed","template":"superbaddons-page-template","meta":{"footnotes":""},"class_list":["post-103","page","type-page","status-publish","hentry"],"_links":{"self":[{"href":"https:\/\/felixweichbrodt.de\/index.php\/wp-json\/wp\/v2\/pages\/103","targetHints":{"allow":["GET"]}}],"collection":[{"href":"https:\/\/felixweichbrodt.de\/index.php\/wp-json\/wp\/v2\/pages"}],"about":[{"href":"https:\/\/felixweichbrodt.de\/index.php\/wp-json\/wp\/v2\/types\/page"}],"author":[{"embeddable":true,"href":"https:\/\/felixweichbrodt.de\/index.php\/wp-json\/wp\/v2\/users\/1"}],"replies":[{"embeddable":true,"href":"https:\/\/felixweichbrodt.de\/index.php\/wp-json\/wp\/v2\/comments?post=103"}],"version-history":[{"count":8,"href":"https:\/\/felixweichbrodt.de\/index.php\/wp-json\/wp\/v2\/pages\/103\/revisions"}],"predecessor-version":[{"id":198,"href":"https:\/\/felixweichbrodt.de\/index.php\/wp-json\/wp\/v2\/pages\/103\/revisions\/198"}],"wp:attachment":[{"href":"https:\/\/felixweichbrodt.de\/index.php\/wp-json\/wp\/v2\/media?parent=103"}],"curies":[{"name":"wp","href":"https:\/\/api.w.org\/{rel}","templated":true}]}}