{"id":106,"date":"2025-07-04T13:04:33","date_gmt":"2025-07-04T11:04:33","guid":{"rendered":"https:\/\/felixweichbrodt.de\/?page_id=106"},"modified":"2026-02-09T13:32:33","modified_gmt":"2026-02-09T12:32:33","slug":"filmografie","status":"publish","type":"page","link":"https:\/\/felixweichbrodt.de\/index.php\/filmografie\/","title":{"rendered":""},"content":{"rendered":"\n<div class=\"wp-block-columns is-layout-flex wp-container-core-columns-is-layout-2d7698b3 wp-block-columns-is-layout-flex\" style=\"padding-right:0;padding-left:0\">\n<div class=\"wp-block-column is-layout-flow wp-block-column-is-layout-flow\" style=\"padding-top:0;padding-right:0;padding-bottom:0;padding-left:0\">\n<figure class=\"wp-block-image size-full wp-duotone-000000-e7e0ca-1\"><img loading=\"lazy\" decoding=\"async\" width=\"640\" height=\"462\" src=\"http:\/\/felixweichbrodt.de\/wp-content\/uploads\/2025\/07\/Bildschirmfoto-2025-07-03-um-23.22.31.png\" alt=\"\" class=\"wp-image-64\"\/><\/figure>\n<\/div>\n\n\n\n<div class=\"wp-block-column is-layout-flow wp-block-column-is-layout-flow\">\n<figure class=\"wp-block-image size-full wp-duotone-000000-e7e0ca-2\"><img loading=\"lazy\" decoding=\"async\" width=\"640\" height=\"457\" src=\"http:\/\/felixweichbrodt.de\/wp-content\/uploads\/2025\/07\/Bildschirmfoto-2025-07-03-um-23.23.19.png\" alt=\"\" class=\"wp-image-65\"\/><\/figure>\n<\/div>\n\n\n\n<div class=\"wp-block-column is-layout-flow wp-block-column-is-layout-flow\">\n<figure class=\"wp-block-image size-full wp-duotone-000000-e7e0ca-3\"><img loading=\"lazy\" decoding=\"async\" width=\"640\" height=\"457\" src=\"http:\/\/felixweichbrodt.de\/wp-content\/uploads\/2025\/07\/Bildschirmfoto-2025-07-03-um-23.23.50.png\" alt=\"\" class=\"wp-image-66\"\/><\/figure>\n<\/div>\n<\/div>\n\n\n\n<pre class=\"wp-block-preformatted\" style=\"margin-top:32px;margin-right:32px;margin-bottom:32px;margin-left:32px;font-size:clamp(21.536px, 1.346rem + ((1vw - 3.2px) * 1.53), 35px);\"><br><strong>2026<\/strong><br><\/pre>\n\n\n\n<pre class=\"wp-block-preformatted has-background\" style=\"background-color:#cadbe8;margin-top:29px;margin-right:32px;margin-bottom:29px;margin-left:32px;font-size:clamp(14px, 0.875rem + ((1vw - 3.2px) * 0.682), 20px);\"><strong>NDR<\/strong> <br>Die Nordreportage: Polizeieinsatz an Silvester - Party, B\u00f6ller und Bambule <br>28 min <br><em>Autor <\/em><\/pre>\n\n\n\n<pre class=\"wp-block-preformatted\" style=\"margin-top:32px;margin-right:32px;margin-bottom:32px;margin-left:32px;font-size:clamp(21.536px, 1.346rem + ((1vw - 3.2px) * 1.53), 35px);\"><strong>\n2024<\/strong><\/pre>\n\n\n\n<pre class=\"wp-block-preformatted has-mono-4-background-color has-background\" style=\"margin-top:32px;margin-right:32px;margin-bottom:32px;margin-left:32px;font-size:clamp(14px, 0.875rem + ((1vw - 3.2px) * 0.682), 20px);\"><strong>ARD<\/strong><br>Dokumentarfilm im Ersten : Lebensader Autobahn: Geschichten von Freiheit, Fortschritt und WiderstandDer <br>90 min <br><em>Mitarbeit (Recherche, Protagonisten-Cast, Archiv)<\/em><br><br><br><strong>ARD<\/strong><br>ARD History: Der Elbtunnel: Pionierwerk und Staufalle<br>44 min <br><em>Mitarbeit (Recherche, Protagonisten-Cast, Archiv)<\/em><br><br><\/pre>\n\n\n\n<pre class=\"wp-block-preformatted\" style=\"margin-top:32px;margin-right:32px;margin-bottom:32px;margin-left:32px;font-size:clamp(21.536px, 1.346rem + ((1vw - 3.2px) * 1.53), 35px);\"><strong>2023<\/strong><\/pre>\n\n\n\n<pre class=\"wp-block-preformatted has-background\" style=\"background-color:#9b51e05e;margin-top:32px;margin-right:32px;margin-bottom:32px;margin-left:32px;font-size:clamp(14px, 0.875rem + ((1vw - 3.2px) * 0.682), 20px);\"><strong>n-tv<\/strong><br>n-tv mobil: Wasserstoffzug in Bremerv\u00f6rde<br>8 min <br><em>Autor<\/em><br><br><br><strong>n-tv<\/strong><br>n-tv mobil: Smart traffic - Verkehr der Zukunft<br>6 min<br><em>Autor \/ Reporter<\/em><br><br><br><strong>NDR <\/strong><br>Youtube-Kanal: Auf\u2019m Land, 4 Folgen: Neues aus Karrenzin<br><em>Autor<\/em> <br><br><br><strong>NDR<\/strong><br>Die Nordreportage: Neues aus Karrenzin: Petra packt\u2019s an<br>Ein Dorf zwischen Hamburg und Berlin<br>28 min<br><em>Autor<\/em><br><br><br>NDR<br>Unsere Geschichte: Der Elbtunnel: Pionier und Staufalle<br>88 min<br><em>Mitarbeit (Recherche, Protagonisten-Cast, Drohne, Archiv)<\/em> <br><br><br><strong>n-tv<\/strong><br>n-tv mobil: Smart city die L\u00f6sung? - Ab wann Stra\u00dfenl\u00e4rm gef\u00e4hrlich wird<br>8 min<br><em>Autor \/ Reporter<\/em><\/pre>\n\n\n\n<pre class=\"wp-block-preformatted\" style=\"margin-top:32px;margin-right:32px;margin-bottom:32px;margin-left:32px;font-size:clamp(21.536px, 1.346rem + ((1vw - 3.2px) * 1.53), 35px);\"><strong>2022<\/strong><br><\/pre>\n\n\n\n<pre class=\"wp-block-preformatted has-background\" style=\"background-color:#dbd5cb;margin-top:32px;margin-right:32px;margin-bottom:32px;margin-left:32px;font-size:clamp(14px, 0.875rem + ((1vw - 3.2px) * 0.682), 20px);\"><strong>NDR<\/strong><br>Nordmagazin: Jazzkomb\u00fcse in Karrenzin<br>3 min <br><em>Autor<\/em><br><br><br><strong>n-tv<\/strong><br>n-tv mobil: Wallbox oder Lades\u00e4ule \u2013 So bekommt das E-Auto neuen Strom<br>7 min<br><em>Autor<\/em><br><br><br><strong>NDR <\/strong><br>Die Nordreportage: Die Nordreportage: Die Perlebucht \u2013 Baden, Buddeln, B\u00fcsum<br>28 min<br><em>Autor<\/em> <br><br><br><strong>NDR<\/strong><br>Unsere Geschichte: Sylt, das Blumenm\u00e4dchen und der Damm<br>88 min<br><em>Mitarbeit (Recherche, Protagonisten-Cast, Archiv)<\/em><br><br><br><strong>n-tv<\/strong><br>n-tv mobil: n-tv mobil: Moia \u2013 Ridesharing f\u00fcr die Verkehrswende<br>8 min<br><em>Autor \/ Reporter<\/em> <br><br><br><strong>ARD<\/strong><br>Go West Go East: Transit DDR \u2013 Als die Grenze durchl\u00e4ssiger wurde<br>44 min<br><em>Mitarbeit (Recherche, Protagonisten-Cast, Archiv)<\/em> <br><br><br><strong>n-tv<\/strong><br>n-tv mobil: Pedelecs mit Design<br>8 min<br><em>Autor<\/em><\/pre>\n\n\n\n<pre class=\"wp-block-preformatted\" style=\"margin-top:32px;margin-right:32px;margin-bottom:32px;margin-left:32px;font-size:clamp(21.536px, 1.346rem + ((1vw - 3.2px) * 1.53), 35px);\"><strong>2021<\/strong><\/pre>\n\n\n\n<pre class=\"wp-block-preformatted has-background\" style=\"background-color:#9b51e05e;margin-top:32px;margin-right:32px;margin-bottom:32px;margin-left:32px;padding-top:0;padding-bottom:0;font-size:clamp(14px, 0.875rem + ((1vw - 3.2px) * 0.682), 20px);\"><strong>NDR<\/strong><br>Unsere Geschichte: 50 Jahre Transitstrecke \u2013<br>Als die Grenze zur DDR durchl\u00e4ssig wurde<br>88 min <br><em>Mitarbeit (Recherche, Protagonisten-Cast, Archiv)<\/em><br><br><br><strong>NDR<\/strong><br>Die Nordreportage: Arbeiten f\u00fcr Sylts Lebensader \u2013<br>Einsatz am Hindenburgdamm<br>28 min<br><em>Autor<\/em><br><br><br><strong>NDR<\/strong><br>Unsere Geschichte: Lebensretter aus L\u00fcbeck<br>45 min<br><em>Co-Aut<\/em>or<\/pre>\n\n\n\n<div class=\"wp-block-columns is-layout-flex wp-container-core-columns-is-layout-7e77c2aa wp-block-columns-is-layout-flex\" style=\"margin-top:var(--wp--preset--spacing--superbspacing-medium);margin-bottom:var(--wp--preset--spacing--superbspacing-medium);padding-right:0;padding-left:0\">\n<div class=\"wp-block-column is-layout-flow wp-block-column-is-layout-flow\" style=\"padding-top:0;padding-right:0;padding-bottom:0;padding-left:0\">\n<figure class=\"wp-block-image size-full wp-duotone-000000-e7e0ca-4\"><img loading=\"lazy\" decoding=\"async\" width=\"640\" height=\"462\" src=\"http:\/\/felixweichbrodt.de\/wp-content\/uploads\/2025\/07\/Bildschirmfoto-2025-07-03-um-23.22.31.png\" alt=\"\" class=\"wp-image-64\"\/><\/figure>\n<\/div>\n\n\n\n<div class=\"wp-block-column is-layout-flow wp-block-column-is-layout-flow\">\n<figure class=\"wp-block-image size-full wp-duotone-000000-e7e0ca-5\"><img loading=\"lazy\" decoding=\"async\" width=\"640\" height=\"457\" src=\"http:\/\/felixweichbrodt.de\/wp-content\/uploads\/2025\/07\/Bildschirmfoto-2025-07-03-um-23.23.19.png\" alt=\"\" class=\"wp-image-65\"\/><\/figure>\n<\/div>\n\n\n\n<div class=\"wp-block-column is-layout-flow wp-block-column-is-layout-flow\">\n<figure class=\"wp-block-image size-full wp-duotone-000000-e7e0ca-6\"><img loading=\"lazy\" decoding=\"async\" width=\"640\" height=\"457\" src=\"http:\/\/felixweichbrodt.de\/wp-content\/uploads\/2025\/07\/Bildschirmfoto-2025-07-03-um-23.23.50.png\" alt=\"\" class=\"wp-image-66\"\/><\/figure>\n<\/div>\n<\/div>\n","protected":false},"excerpt":{"rendered":"<p>2026 NDR Die Nordreportage: Polizeieinsatz an Silvester &#8211; Party, B\u00f6ller und Bambule 28 min Autor 2024 ARDDokumentarfilm im Ersten : Lebensader Autobahn: Geschichten von Freiheit, Fortschritt und WiderstandDer 90 min Mitarbeit (Recherche, Protagonisten-Cast, Archiv)ARDARD History: Der Elbtunnel: Pionierwerk und Staufalle44 min Mitarbeit (Recherche, Protagonisten-Cast, Archiv) 2023 n-tvn-tv mobil: Wasserstoffzug in Bremerv\u00f6rde8 min Autorn-tvn-tv mobil: Smart [&hellip;]<\/p>\n","protected":false},"author":1,"featured_media":0,"parent":0,"menu_order":0,"comment_status":"closed","ping_status":"closed","template":"superbaddons-page-template","meta":{"footnotes":""},"class_list":["post-106","page","type-page","status-publish","hentry"],"_links":{"self":[{"href":"https:\/\/felixweichbrodt.de\/index.php\/wp-json\/wp\/v2\/pages\/106","targetHints":{"allow":["GET"]}}],"collection":[{"href":"https:\/\/felixweichbrodt.de\/index.php\/wp-json\/wp\/v2\/pages"}],"about":[{"href":"https:\/\/felixweichbrodt.de\/index.php\/wp-json\/wp\/v2\/types\/page"}],"author":[{"embeddable":true,"href":"https:\/\/felixweichbrodt.de\/index.php\/wp-json\/wp\/v2\/users\/1"}],"replies":[{"embeddable":true,"href":"https:\/\/felixweichbrodt.de\/index.php\/wp-json\/wp\/v2\/comments?post=106"}],"version-history":[{"count":17,"href":"https:\/\/felixweichbrodt.de\/index.php\/wp-json\/wp\/v2\/pages\/106\/revisions"}],"predecessor-version":[{"id":209,"href":"https:\/\/felixweichbrodt.de\/index.php\/wp-json\/wp\/v2\/pages\/106\/revisions\/209"}],"wp:attachment":[{"href":"https:\/\/felixweichbrodt.de\/index.php\/wp-json\/wp\/v2\/media?parent=106"}],"curies":[{"name":"wp","href":"https:\/\/api.w.org\/{rel}","templated":true}]}}